{"id":13286,"date":"2026-03-01T08:40:17","date_gmt":"2026-03-01T08:40:17","guid":{"rendered":"https:\/\/itemspecials.shop\/?post_type=product&#038;p=13286"},"modified":"2026-03-01T10:33:43","modified_gmt":"2026-03-01T10:33:43","slug":"durable-semi-truck-shaped-coffee-mug-handcrafted-resin-mug-for-family-friends","status":"publish","type":"product","link":"https:\/\/itemspecials.shop\/es\/producto\/durable-semi-truck-shaped-coffee-mug-handcrafted-resin-mug-for-family-friends\/","title":{"rendered":"Taza de caf\u00e9 duradera con forma de semirremolque - Taza de resina hecha a mano para la familia y los amigos"},"content":{"rendered":"<div data-elementor-type=\"product-post\" data-elementor-id=\"13286\" class=\"elementor elementor-13286\" data-elementor-post-type=\"product\">\n\t\t\t\t<div class=\"elementor-element elementor-element-e8091d6 e-flex e-con-boxed e-con e-parent\" data-id=\"e8091d6\" data-element_type=\"container\" data-settings=\"{&quot;ekit_has_onepagescroll_dot&quot;:&quot;yes&quot;}\">\n\t\t\t\t\t<div class=\"e-con-inner\">\n\t\t\t\t<div class=\"elementor-element elementor-element-33162365 elementor-widget elementor-widget-text-editor\" data-id=\"33162365\" data-element_type=\"widget\" data-settings=\"{&quot;ekit_we_effect_on&quot;:&quot;none&quot;}\" data-widget_type=\"text-editor.default\">\n\t\t\t\t<div class=\"elementor-widget-container\">\n\t\t\t\t\t\t\t\t\t<h1 style=\"text-align: center;\">A todo el mundo le encanta esto<\/h1>\t\t\t\t\t\t\t\t<\/div>\n\t\t\t\t<\/div>\n\t\t<div class=\"elementor-element elementor-element-234572b2 e-grid e-con-full e-con e-child\" data-id=\"234572b2\" data-element_type=\"container\" data-settings=\"{&quot;ekit_has_onepagescroll_dot&quot;:&quot;yes&quot;}\">\n\t\t\t\t<div class=\"elementor-element elementor-element-26ef300 elementor-widget elementor-widget-video\" data-id=\"26ef300\" data-element_type=\"widget\" data-settings=\"{&quot;video_type&quot;:&quot;hosted&quot;,&quot;controls&quot;:&quot;yes&quot;,&quot;ekit_we_effect_on&quot;:&quot;none&quot;}\" data-widget_type=\"video.default\">\n\t\t\t\t<div class=\"elementor-widget-container\">\n\t\t\t\t\t\t\t<div class=\"e-hosted-video elementor-wrapper elementor-open-inline\">\n\t\t\t\t\t<video class=\"elementor-video\" src=\"https:\/\/itemspecials.shop\/wp-content\/uploads\/2026\/03\/c5c38aa5530d46dfaf9740c7960c516c.HD-720p-3.0Mbps-66870182.mp4\" controls=\"\" preload=\"metadata\" controlslist=\"nodownload\"><\/video>\n\t\t\t\t<\/div>\n\t\t\t\t\t\t<\/div>\n\t\t\t\t<\/div>\n\t\t\t\t<div class=\"elementor-element elementor-element-75e295a7 elementor-widget elementor-widget-video\" data-id=\"75e295a7\" data-element_type=\"widget\" data-settings=\"{&quot;video_type&quot;:&quot;hosted&quot;,&quot;controls&quot;:&quot;yes&quot;,&quot;ekit_we_effect_on&quot;:&quot;none&quot;}\" data-widget_type=\"video.default\">\n\t\t\t\t<div class=\"elementor-widget-container\">\n\t\t\t\t\t\t\t<div class=\"e-hosted-video elementor-wrapper elementor-open-inline\">\n\t\t\t\t\t<video class=\"elementor-video\" src=\"https:\/\/itemspecials.shop\/wp-content\/uploads\/2026\/03\/96fc44cb434547fb8fd54cacb1f12aab.HD-720p-3.0Mbps-66870185.mp4\" controls=\"\" preload=\"metadata\" controlslist=\"nodownload\"><\/video>\n\t\t\t\t<\/div>\n\t\t\t\t\t\t<\/div>\n\t\t\t\t<\/div>\n\t\t\t\t<div class=\"elementor-element elementor-element-50fa19e0 elementor-widget elementor-widget-video\" data-id=\"50fa19e0\" data-element_type=\"widget\" data-settings=\"{&quot;video_type&quot;:&quot;hosted&quot;,&quot;controls&quot;:&quot;yes&quot;,&quot;ekit_we_effect_on&quot;:&quot;none&quot;}\" data-widget_type=\"video.default\">\n\t\t\t\t<div class=\"elementor-widget-container\">\n\t\t\t\t\t\t\t<div class=\"e-hosted-video elementor-wrapper elementor-open-inline\">\n\t\t\t\t\t<video class=\"elementor-video\" src=\"https:\/\/itemspecials.shop\/wp-content\/uploads\/2026\/03\/d0aa7937681144cc82fe160bffd6ab56.HD-720p-3.0Mbps-66870184.mp4\" controls=\"\" preload=\"metadata\" controlslist=\"nodownload\"><\/video>\n\t\t\t\t<\/div>\n\t\t\t\t\t\t<\/div>\n\t\t\t\t<\/div>\n\t\t\t\t<\/div>\n\t\t<div class=\"elementor-element elementor-element-28878f93 e-grid e-con-full e-con e-child\" data-id=\"28878f93\" data-element_type=\"container\" data-settings=\"{&quot;ekit_has_onepagescroll_dot&quot;:&quot;yes&quot;}\">\n\t\t\t\t<div class=\"elementor-element elementor-element-74309355 elementor-widget elementor-widget-video\" data-id=\"74309355\" data-element_type=\"widget\" data-settings=\"{&quot;video_type&quot;:&quot;hosted&quot;,&quot;controls&quot;:&quot;yes&quot;,&quot;ekit_we_effect_on&quot;:&quot;none&quot;}\" data-widget_type=\"video.default\">\n\t\t\t\t<div class=\"elementor-widget-container\">\n\t\t\t\t\t\t\t<div class=\"e-hosted-video elementor-wrapper elementor-open-inline\">\n\t\t\t\t\t<video class=\"elementor-video\" src=\"https:\/\/itemspecials.shop\/wp-content\/uploads\/2026\/03\/2158b3fc6ce44199a069bcda4cf996cd.HD-720p-3.0Mbps-66870181.mp4\" controls=\"\" preload=\"metadata\" controlslist=\"nodownload\"><\/video>\n\t\t\t\t<\/div>\n\t\t\t\t\t\t<\/div>\n\t\t\t\t<\/div>\n\t\t\t\t<div class=\"elementor-element elementor-element-27f4004a elementor-widget elementor-widget-text-editor\" data-id=\"27f4004a\" data-element_type=\"widget\" data-settings=\"{&quot;ekit_we_effect_on&quot;:&quot;none&quot;}\" data-widget_type=\"text-editor.default\">\n\t\t\t\t<div class=\"elementor-widget-container\">\n\t\t\t\t\t\t\t\t\t<h1>\u00a0<\/h1><h1 style=\"text-align: center;\">Una taza que celebra la<br \/>Carretera<\/h1><h2>\u00a0<\/h2><h2 style=\"text-align: center;\">Esta taza de caf\u00e9 artesanal con forma de semirremolque<br \/>cami\u00f3n remolque cl\u00e1sico, convirti\u00e9ndolo en una aut\u00e9ntica pieza destacada.<br \/>Dise\u00f1ado tanto para los amantes de los camiones como para los entusiastas del caf\u00e9.<br \/>captura el esp\u00edritu de la carretera en una forma que puedes sostener<br \/>todos los d\u00edas.<\/h2>\t\t\t\t\t\t\t\t<\/div>\n\t\t\t\t<\/div>\n\t\t\t\t<\/div>\n\t\t<div class=\"elementor-element elementor-element-588adb74 e-grid e-con-full e-con e-child\" data-id=\"588adb74\" data-element_type=\"container\" data-settings=\"{&quot;ekit_has_onepagescroll_dot&quot;:&quot;yes&quot;}\">\n\t\t\t\t<div class=\"elementor-element elementor-element-3befc7ef elementor-widget elementor-widget-video\" data-id=\"3befc7ef\" data-element_type=\"widget\" data-settings=\"{&quot;video_type&quot;:&quot;hosted&quot;,&quot;controls&quot;:&quot;yes&quot;,&quot;ekit_we_effect_on&quot;:&quot;none&quot;}\" data-widget_type=\"video.default\">\n\t\t\t\t<div class=\"elementor-widget-container\">\n\t\t\t\t\t\t\t<div class=\"e-hosted-video elementor-wrapper elementor-open-inline\">\n\t\t\t\t\t<video class=\"elementor-video\" src=\"https:\/\/itemspecials.shop\/wp-content\/uploads\/2026\/03\/463fb5b5dcc64cd99faa066c5064eaa9.HD-720p-3.0Mbps-66870183.mp4\" controls=\"\" preload=\"metadata\" controlslist=\"nodownload\"><\/video>\n\t\t\t\t<\/div>\n\t\t\t\t\t\t<\/div>\n\t\t\t\t<\/div>\n\t\t\t\t<div class=\"elementor-element elementor-element-3d43c711 elementor-widget elementor-widget-text-editor\" data-id=\"3d43c711\" data-element_type=\"widget\" data-settings=\"{&quot;ekit_we_effect_on&quot;:&quot;none&quot;}\" data-widget_type=\"text-editor.default\">\n\t\t\t\t<div class=\"elementor-widget-container\">\n\t\t\t\t\t\t\t\t\t<h1>\u00a0<\/h1><h1>\u00a0<\/h1><h1 style=\"text-align: center;\">Dise\u00f1ado para el uso diario<\/h1><h2 style=\"text-align: center;\"><br \/>Fabricada con materiales duraderos de alta calidad, esta taza es<br \/>Con una capacidad de 1 onza, es ideal para el uso diario.<br \/>capacidad, es perfecto para caf\u00e9, t\u00e9 o cualquier bebida caliente o fr\u00eda.<br \/>Apto para lavavajillas para una limpieza sin esfuerzo, combina<br \/>creatividad con sentido pr\u00e1ctico en el mundo real.<\/h2>\t\t\t\t\t\t\t\t<\/div>\n\t\t\t\t<\/div>\n\t\t\t\t<\/div>\n\t\t<div class=\"elementor-element elementor-element-5ada5710 e-grid e-con-full e-con e-child\" data-id=\"5ada5710\" data-element_type=\"container\" data-settings=\"{&quot;ekit_has_onepagescroll_dot&quot;:&quot;yes&quot;}\">\n\t\t\t\t<div class=\"elementor-element elementor-element-283e239c elementor-widget elementor-widget-image\" data-id=\"283e239c\" data-element_type=\"widget\" data-settings=\"{&quot;ekit_we_effect_on&quot;:&quot;none&quot;}\" data-widget_type=\"image.default\">\n\t\t\t\t<div class=\"elementor-widget-container\">\n\t\t\t\t\t\t\t\t\t\t\t\t\t\t\t<img loading=\"lazy\" decoding=\"async\" width=\"1100\" height=\"1100\" src=\"https:\/\/itemspecials.shop\/wp-content\/uploads\/2026\/03\/1_5e5ff70e-28f4-43ec-97cd-89c67f7ce4c8-1.jpg\" class=\"attachment-full size-full wp-image-13304 wvs-archive-product-image\" alt=\"\" srcset=\"https:\/\/itemspecials.shop\/wp-content\/uploads\/2026\/03\/1_5e5ff70e-28f4-43ec-97cd-89c67f7ce4c8-1.jpg 1100w, https:\/\/itemspecials.shop\/wp-content\/uploads\/2026\/03\/1_5e5ff70e-28f4-43ec-97cd-89c67f7ce4c8-1-300x300.jpg 300w, https:\/\/itemspecials.shop\/wp-content\/uploads\/2026\/03\/1_5e5ff70e-28f4-43ec-97cd-89c67f7ce4c8-1-1024x1024.jpg 1024w, https:\/\/itemspecials.shop\/wp-content\/uploads\/2026\/03\/1_5e5ff70e-28f4-43ec-97cd-89c67f7ce4c8-1-150x150.jpg 150w, https:\/\/itemspecials.shop\/wp-content\/uploads\/2026\/03\/1_5e5ff70e-28f4-43ec-97cd-89c67f7ce4c8-1-768x768.jpg 768w, https:\/\/itemspecials.shop\/wp-content\/uploads\/2026\/03\/1_5e5ff70e-28f4-43ec-97cd-89c67f7ce4c8-1-12x12.jpg 12w, https:\/\/itemspecials.shop\/wp-content\/uploads\/2026\/03\/1_5e5ff70e-28f4-43ec-97cd-89c67f7ce4c8-1-600x600.jpg 600w, https:\/\/itemspecials.shop\/wp-content\/uploads\/2026\/03\/1_5e5ff70e-28f4-43ec-97cd-89c67f7ce4c8-1-100x100.jpg 100w, https:\/\/itemspecials.shop\/wp-content\/uploads\/2026\/03\/1_5e5ff70e-28f4-43ec-97cd-89c67f7ce4c8-1-50x50.jpg 50w, https:\/\/itemspecials.shop\/wp-content\/uploads\/2026\/03\/1_5e5ff70e-28f4-43ec-97cd-89c67f7ce4c8-1-1x1.jpg 1w, https:\/\/itemspecials.shop\/wp-content\/uploads\/2026\/03\/1_5e5ff70e-28f4-43ec-97cd-89c67f7ce4c8-1-10x10.jpg 10w\" sizes=\"auto, (max-width: 1100px) 100vw, 1100px\" \/>\t\t\t\t\t\t\t\t\t\t\t\t\t\t\t<\/div>\n\t\t\t\t<\/div>\n\t\t\t\t<div class=\"elementor-element elementor-element-7af295ea elementor-widget elementor-widget-text-editor\" data-id=\"7af295ea\" data-element_type=\"widget\" data-settings=\"{&quot;ekit_we_effect_on&quot;:&quot;none&quot;}\" data-widget_type=\"text-editor.default\">\n\t\t\t\t<div class=\"elementor-widget-container\">\n\t\t\t\t\t\t\t\t\t<h1>\u00a0<\/h1><h1 style=\"text-align: center;\">Un regalo pensado para el cami\u00f3n<br \/>Amantes<\/h1><h2 style=\"text-align: center;\"><br \/>Ya sea para un camionero profesional o para alguien que<br \/>simplemente le encantan los camiones, esta taza es un regalo significativo y original.<br \/>un regalo inolvidable. Ideal para cumplea\u00f1os, vacaciones o<br \/>porque es una forma \u00fanica de honrar el trabajo duro, la pasi\u00f3n,<br \/>y la vida en la carretera.<br \/>El contenido de la imagen es generado por Al<\/h2>\t\t\t\t\t\t\t\t<\/div>\n\t\t\t\t<\/div>\n\t\t\t\t<\/div>\n\t\t\t\t\t<\/div>\n\t\t\t\t<\/div>\n\t\t\t\t<\/div>","protected":false},"excerpt":{"rendered":"<p>Everyone Loves This https:\/\/itemspecials.shop\/wp-content\/uploads\/2026\/03\/c5c38aa5530d46dfaf9740c7960c516c.HD-720p-3.0Mbps-66870182.mp4https:\/\/itemspecials.shop\/wp-content\/uploads\/2026\/03\/96fc44cb434547fb8fd54cacb1f12aab.HD-720p-3.0Mbps-66870185.mp4https:\/\/itemspecials.shop\/wp-content\/uploads\/2026\/03\/d0aa7937681144cc82fe160bffd6ab56.HD-720p-3.0Mbps-66870184.mp4https:\/\/itemspecials.shop\/wp-content\/uploads\/2026\/03\/2158b3fc6ce44199a069bcda4cf996cd.HD-720p-3.0Mbps-66870181.mp4 A Mug That Celebrates the Road This handcrafted semi-truck coffee mug is shaped like a classic&#8230;<\/p>","protected":false},"featured_media":13277,"comment_status":"open","ping_status":"closed","template":"","meta":{"_acf_changed":false},"etheme_brands":[],"product_brand":[],"product_cat":[118],"product_tag":[],"class_list":{"0":"post-13286","1":"product","2":"type-product","3":"status-publish","4":"has-post-thumbnail","6":"product_cat-sale-shop","8":"first","9":"instock","10":"sale","11":"shipping-taxable","12":"purchasable","13":"product-type-variable","14":"has-default-attributes","15":"wvs-archive-product-wrapper"},"acf":[],"_links":{"self":[{"href":"https:\/\/itemspecials.shop\/es\/wp-json\/wp\/v2\/product\/13286","targetHints":{"allow":["GET"]}}],"collection":[{"href":"https:\/\/itemspecials.shop\/es\/wp-json\/wp\/v2\/product"}],"about":[{"href":"https:\/\/itemspecials.shop\/es\/wp-json\/wp\/v2\/types\/product"}],"replies":[{"embeddable":true,"href":"https:\/\/itemspecials.shop\/es\/wp-json\/wp\/v2\/comments?post=13286"}],"version-history":[{"count":5,"href":"https:\/\/itemspecials.shop\/es\/wp-json\/wp\/v2\/product\/13286\/revisions"}],"predecessor-version":[{"id":13313,"href":"https:\/\/itemspecials.shop\/es\/wp-json\/wp\/v2\/product\/13286\/revisions\/13313"}],"wp:featuredmedia":[{"embeddable":true,"href":"https:\/\/itemspecials.shop\/es\/wp-json\/wp\/v2\/media\/13277"}],"wp:attachment":[{"href":"https:\/\/itemspecials.shop\/es\/wp-json\/wp\/v2\/media?parent=13286"}],"wp:term":[{"taxonomy":"brand","embeddable":true,"href":"https:\/\/itemspecials.shop\/es\/wp-json\/wp\/v2\/etheme_brands?post=13286"},{"taxonomy":"product_brand","embeddable":true,"href":"https:\/\/itemspecials.shop\/es\/wp-json\/wp\/v2\/product_brand?post=13286"},{"taxonomy":"product_cat","embeddable":true,"href":"https:\/\/itemspecials.shop\/es\/wp-json\/wp\/v2\/product_cat?post=13286"},{"taxonomy":"product_tag","embeddable":true,"href":"https:\/\/itemspecials.shop\/es\/wp-json\/wp\/v2\/product_tag?post=13286"}],"curies":[{"name":"wp","href":"https:\/\/api.w.org\/{rel}","templated":true}]}}